{"id":570,"date":"2024-12-27T19:22:35","date_gmt":"2024-12-27T19:22:35","guid":{"rendered":"https:\/\/minubaar.bartenders.ee\/?page_id=570"},"modified":"2025-02-05T10:41:31","modified_gmt":"2025-02-05T10:41:31","slug":"o-nas","status":"publish","type":"page","link":"https:\/\/minubaar.bartenders.ee\/et\/o-nas\/","title":{"rendered":"Meie kohta"},"content":{"rendered":"<div data-elementor-type=\"wp-page\" data-elementor-id=\"570\" class=\"elementor elementor-570\" data-elementor-post-type=\"page\">\n\t\t\t\t<div class=\"elementor-element elementor-element-66d0c64 e-flex e-con-boxed e-con e-parent\" data-id=\"66d0c64\" data-element_type=\"container\" data-e-type=\"container\">\n\t\t\t\t\t<div class=\"e-con-inner\">\n\t\t\t\t<div class=\"elementor-element elementor-element-822b713 elementor-widget elementor-widget-heading\" data-id=\"822b713\" data-element_type=\"widget\" data-e-type=\"widget\" data-widget_type=\"heading.default\">\n\t\t\t\t<div class=\"elementor-widget-container\">\n\t\t\t\t\t<h2 class=\"elementor-heading-title elementor-size-default\">Meie kohta <\/h2>\t\t\t\t<\/div>\n\t\t\t\t<\/div>\n\t\t<div class=\"elementor-element elementor-element-b5e6b43 e-con-full e-flex e-con e-child\" data-id=\"b5e6b43\" data-element_type=\"container\" data-e-type=\"container\">\n\t\t\t\t<div class=\"elementor-element elementor-element-42c06d6 elementor-widget elementor-widget-heading\" data-id=\"42c06d6\" data-element_type=\"widget\" data-e-type=\"widget\" data-widget_type=\"heading.default\">\n\t\t\t\t<div class=\"elementor-widget-container\">\n\t\t\t\t\t<h2 class=\"elementor-heading-title elementor-size-default\"><a href=\"\/et\/preimushhestva\/\">Eelised<\/a><\/h2>\t\t\t\t<\/div>\n\t\t\t\t<\/div>\n\t\t\t\t<div class=\"elementor-element elementor-element-7c3b6cc elementor-widget elementor-widget-heading\" data-id=\"7c3b6cc\" data-element_type=\"widget\" data-e-type=\"widget\" data-widget_type=\"heading.default\">\n\t\t\t\t<div class=\"elementor-widget-container\">\n\t\t\t\t\t<h2 class=\"elementor-heading-title elementor-size-default\"><a href=\"\/et\/komanda\/\">Meeskond<\/a><\/h2>\t\t\t\t<\/div>\n\t\t\t\t<\/div>\n\t\t\t\t<div class=\"elementor-element elementor-element-c8df4ab elementor-widget elementor-widget-heading\" data-id=\"c8df4ab\" data-element_type=\"widget\" data-e-type=\"widget\" data-widget_type=\"heading.default\">\n\t\t\t\t<div class=\"elementor-widget-container\">\n\t\t\t\t\t<h2 class=\"elementor-heading-title elementor-size-default\"><a href=\"\/et\/o-kompanii\/\">Ettev\u00f5tte kohta<\/a><\/h2>\t\t\t\t<\/div>\n\t\t\t\t<\/div>\n\t\t\t\t<\/div>\n\t\t<div class=\"elementor-element elementor-element-f966515 e-con-full e-flex e-con e-child\" data-id=\"f966515\" data-element_type=\"container\" data-e-type=\"container\">\n\t\t<div class=\"elementor-element elementor-element-7173840 e-con-full e-flex e-con e-child\" data-id=\"7173840\" data-element_type=\"container\" data-e-type=\"container\">\n\t\t\t\t<div class=\"elementor-element elementor-element-78510d5 elementor-widget elementor-widget-heading\" data-id=\"78510d5\" data-element_type=\"widget\" data-e-type=\"widget\" data-widget_type=\"heading.default\">\n\t\t\t\t<div class=\"elementor-widget-container\">\n\t\t\t\t\t<h2 class=\"elementor-heading-title elementor-size-default\">KESKMISELT KORRALDAME AASTAS \u00dcLE 600 SUURE \u00dcRITUSE, ESITLUSE, PIDUSTUSE, KUS OSALEB MOBIILIBAAR.<\/h2>\t\t\t\t<\/div>\n\t\t\t\t<\/div>\n\t\t\t\t<div class=\"elementor-element elementor-element-e022291 elementor-hidden-mobile elementor-widget elementor-widget-image\" data-id=\"e022291\" data-element_type=\"widget\" data-e-type=\"widget\" data-widget_type=\"image.default\">\n\t\t\t\t<div class=\"elementor-widget-container\">\n\t\t\t\t\t\t\t\t\t\t\t\t\t\t\t<img fetchpriority=\"high\" decoding=\"async\" width=\"431\" height=\"870\" src=\"https:\/\/minubaar.bartenders.ee\/wp-content\/uploads\/2024\/12\/about.png\" class=\"attachment-full size-full wp-image-583\" alt=\"\" srcset=\"https:\/\/minubaar.bartenders.ee\/wp-content\/uploads\/2024\/12\/about.png 431w, https:\/\/minubaar.bartenders.ee\/wp-content\/uploads\/2024\/12\/about-149x300.png 149w\" sizes=\"(max-width: 431px) 100vw, 431px\" \/>\t\t\t\t\t\t\t\t\t\t\t\t\t\t\t<\/div>\n\t\t\t\t<\/div>\n\t\t\t\t<\/div>\n\t\t<div class=\"elementor-element elementor-element-2c68947 e-con-full e-flex e-con e-child\" data-id=\"2c68947\" data-element_type=\"container\" data-e-type=\"container\">\n\t\t\t\t<div class=\"elementor-element elementor-element-cef8f54 elementor-widget elementor-widget-text-editor\" data-id=\"cef8f54\" data-element_type=\"widget\" data-e-type=\"widget\" data-widget_type=\"text-editor.default\">\n\t\t\t\t<div class=\"elementor-widget-container\">\n\t\t\t\t\t\t\t\t\t<p>Bar Event toitlustusfirma on loodud baarit\u00f6\u00f6stuse professionaalide poolt. Meil on palju sidemeid Venemaa Baarmenide Liiduga: meie loovjuht Aleksei Jakimjuk oli aastaid B.A.R. asepresident.<\/p><p>2008. aastal olid Anton \u017delnov ja Dmitri Smirnov \u00fched esimestest baaritoitlustuse korraldajatest B.A.R. egiidi all. T\u00e4na kuuluvad meie meeskonda spetsialistid, kes olid Venemaa takeaway-baaride algatajaid.<\/p><p>Nii saime me \u00fcheks lipulaevaks \"baaritoitlustuse\" kategoorias. Selle kategooria standardid, nagu ka kogu baarikultuur, ei kujunenud Venemaal v\u00e4lja - me l\u00f5ime oma, teades v\u00e4ga h\u00e4sti, millist taset tahame oma klientidele pakkuda. Teisis\u00f5nu, Venemaa baarmenide assotsiatsiooni liikmed kujundasid Venemaa baaritoitlustuse standardid.<\/p><p>Keskmise aasta jooksul osaleme enam kui 600 suur\u00fcritusel, esitlusel, pidustustel, kus osaleb ka takeaway-baar. M\u00f5nel neist \u00fcritustest olime v\u00f5tmevalmiduse korraldajad, sealhulgas k\u00f5ik teenindamise, animatsiooni ja baariteenindusega seotud protsessid.<\/p>\t\t\t\t\t\t\t\t<\/div>\n\t\t\t\t<\/div>\n\t\t\t\t<\/div>\n\t\t\t\t<\/div>\n\t\t<div class=\"elementor-element elementor-element-805fda4 e-con-full e-flex e-con e-child\" data-id=\"805fda4\" data-element_type=\"container\" data-e-type=\"container\">\n\t\t\t\t<div class=\"elementor-element elementor-element-b76aca2 elementor-widget elementor-widget-heading\" data-id=\"b76aca2\" data-element_type=\"widget\" data-e-type=\"widget\" data-widget_type=\"heading.default\">\n\t\t\t\t<div class=\"elementor-widget-container\">\n\t\t\t\t\t<h2 class=\"elementor-heading-title elementor-size-default\">Toitlustamise veebileht ettev\u00f5tte Bar Event<\/h2>\t\t\t\t<\/div>\n\t\t\t\t<\/div>\n\t\t\t\t<div class=\"elementor-element elementor-element-7d8ed74 elementor-widget elementor-widget-text-editor\" data-id=\"7d8ed74\" data-element_type=\"widget\" data-e-type=\"widget\" data-widget_type=\"text-editor.default\">\n\t\t\t\t<div class=\"elementor-widget-container\">\n\t\t\t\t\t\t\t\t\t<p>T\u00e4nap\u00e4eval on turu \u00fclek\u00fcllastumise t\u00f5ttu k\u00f5ik originaalne ja ebatavaline populaarsem kui kunagi varem. Seet\u00f5ttu ei ole traditsioonilised pidustused restoranide banketisaalides t\u00e4nap\u00e4eval enam nii asjakohased ja kui soovite, et puhkus toimuks k\u00f5ige k\u00f5rgemal tasemel ja avaldaks muljet k\u00f5igile k\u00fclalistele, tasub otsida huvitavam koht.<\/p><p>Meie toitlustusettev\u00f5te v\u00f5ib pakkuda oma teenuseid bankettide ja buffettide korraldamisel ning pakkuda k\u00f5igile kutsututele maitsvat toitu ja v\u00e4rskendavaid jooke. V\u00f5imalik on korraldada pidu k\u00f5rgeimal tasemel jahtidel, telgis vabas \u00f5hus, maakompleksis, ettev\u00f5tte kontoris - teie loovusele ja fantaasiale ei ole piire seatud.<\/p><p>Meie toitlustamise sait on v\u00e4ga mugavalt kujundatud, kust leiate h\u00f5lpsasti vajaliku ja p\u00f5hjaliku teabe k\u00f5igi meie pakkumiste, v\u00f5imaluste ja koost\u00f6\u00f6 maksumuse kohta. Kuna oleme selles valdkonnas t\u00f6\u00f6tanud juba aastaid ja meie meeskonna liikmed on olnud baariteeninduse rajajad Venemaal, peetakse Bar Eventi teenitult valdkonna liidriks. Seet\u00f5ttu toimuvad meie poolt l\u00e4biviidavad puhkused alati k\u00f5ige k\u00f5rgemal tasemel.<\/p><p>\u00a0<\/p>\t\t\t\t\t\t\t\t<\/div>\n\t\t\t\t<\/div>\n\t\t\t\t<div class=\"elementor-element elementor-element-ac4fa6d elementor-align-center elementor-widget elementor-widget-button\" data-id=\"ac4fa6d\" data-element_type=\"widget\" data-e-type=\"widget\" data-widget_type=\"button.default\">\n\t\t\t\t<div class=\"elementor-widget-container\">\n\t\t\t\t\t\t\t\t\t<div class=\"elementor-button-wrapper\">\n\t\t\t\t\t<a class=\"elementor-button elementor-button-link elementor-size-sm\" href=\"#elementor-action%3Aaction%3Dpopup%3Aopen%26settings%3DeyJpZCI6IjgzOCIsInRvZ2dsZSI6ZmFsc2V9\">\n\t\t\t\t\t\t<span class=\"elementor-button-content-wrapper\">\n\t\t\t\t\t\t\t\t\t<span class=\"elementor-button-text\">J\u00c4TTA TAOTLUS<\/span>\n\t\t\t\t\t<\/span>\n\t\t\t\t\t<\/a>\n\t\t\t\t<\/div>\n\t\t\t\t\t\t\t\t<\/div>\n\t\t\t\t<\/div>\n\t\t<div class=\"elementor-element elementor-element-7b1fc7f e-con-full e-flex e-con e-child\" data-id=\"7b1fc7f\" data-element_type=\"container\" data-e-type=\"container\">\n\t\t\t\t<div class=\"elementor-element elementor-element-7bbf0b5 elementor-widget elementor-widget-heading\" data-id=\"7bbf0b5\" data-element_type=\"widget\" data-e-type=\"widget\" data-widget_type=\"heading.default\">\n\t\t\t\t<div class=\"elementor-widget-container\">\n\t\t\t\t\t<h2 class=\"elementor-heading-title elementor-size-default\">Telli Bar Eventi toitlustusteenused otse veebilehelt!<\/h2>\t\t\t\t<\/div>\n\t\t\t\t<\/div>\n\t\t\t\t<div class=\"elementor-element elementor-element-c797cf4 elementor-pagination-position-outside elementor-widget elementor-widget-image-carousel\" data-id=\"c797cf4\" data-element_type=\"widget\" data-e-type=\"widget\" data-settings=\"{&quot;slides_to_show&quot;:&quot;3&quot;,&quot;slides_to_scroll&quot;:&quot;3&quot;,&quot;navigation&quot;:&quot;dots&quot;,&quot;image_spacing_custom&quot;:{&quot;unit&quot;:&quot;px&quot;,&quot;size&quot;:10,&quot;sizes&quot;:[]},&quot;infinite&quot;:&quot;yes&quot;,&quot;speed&quot;:500,&quot;image_spacing_custom_tablet&quot;:{&quot;unit&quot;:&quot;px&quot;,&quot;size&quot;:&quot;&quot;,&quot;sizes&quot;:[]},&quot;image_spacing_custom_mobile&quot;:{&quot;unit&quot;:&quot;px&quot;,&quot;size&quot;:&quot;&quot;,&quot;sizes&quot;:[]}}\" data-widget_type=\"image-carousel.default\">\n\t\t\t\t<div class=\"elementor-widget-container\">\n\t\t\t\t\t\t\t<div class=\"elementor-image-carousel-wrapper swiper\" role=\"region\" aria-roledescription=\"carousel\" aria-label=\"Pildikarussell\" dir=\"ltr\">\n\t\t\t<div class=\"elementor-image-carousel swiper-wrapper\" aria-live=\"polite\">\n\t\t\t\t\t\t\t\t<div class=\"swiper-slide\" role=\"group\" aria-roledescription=\"slide\" aria-label=\"1 \u0438\u0437 9\"><figure class=\"swiper-slide-inner\"><img decoding=\"async\" class=\"swiper-slide-image\" src=\"https:\/\/minubaar.bartenders.ee\/wp-content\/uploads\/2024\/12\/g8-1.png\" alt=\"g8 (1)\" \/><\/figure><\/div><div class=\"swiper-slide\" role=\"group\" aria-roledescription=\"slide\" aria-label=\"2 \u0438\u0437 9\"><figure class=\"swiper-slide-inner\"><img decoding=\"async\" class=\"swiper-slide-image\" src=\"https:\/\/minubaar.bartenders.ee\/wp-content\/uploads\/2024\/12\/g6.png\" alt=\"g6\" \/><\/figure><\/div><div class=\"swiper-slide\" role=\"group\" aria-roledescription=\"slide\" aria-label=\"3 \u0438\u0437 9\"><figure class=\"swiper-slide-inner\"><img decoding=\"async\" class=\"swiper-slide-image\" src=\"https:\/\/minubaar.bartenders.ee\/wp-content\/uploads\/2024\/12\/g5.png\" alt=\"g5\" \/><\/figure><\/div><div class=\"swiper-slide\" role=\"group\" aria-roledescription=\"slide\" aria-label=\"4 \u0438\u0437 9\"><figure class=\"swiper-slide-inner\"><img decoding=\"async\" class=\"swiper-slide-image\" src=\"https:\/\/minubaar.bartenders.ee\/wp-content\/uploads\/2024\/12\/g4.png\" alt=\"g4\" \/><\/figure><\/div><div class=\"swiper-slide\" role=\"group\" aria-roledescription=\"slide\" aria-label=\"5 \u0438\u0437 9\"><figure class=\"swiper-slide-inner\"><img decoding=\"async\" class=\"swiper-slide-image\" src=\"https:\/\/minubaar.bartenders.ee\/wp-content\/uploads\/2024\/12\/g3.png\" alt=\"g3\" \/><\/figure><\/div><div class=\"swiper-slide\" role=\"group\" aria-roledescription=\"slide\" aria-label=\"6 \u0438\u0437 9\"><figure class=\"swiper-slide-inner\"><img decoding=\"async\" class=\"swiper-slide-image\" src=\"https:\/\/minubaar.bartenders.ee\/wp-content\/uploads\/2024\/12\/g2.png\" alt=\"g2\" \/><\/figure><\/div><div class=\"swiper-slide\" role=\"group\" aria-roledescription=\"slide\" aria-label=\"7 \u0438\u0437 9\"><figure class=\"swiper-slide-inner\"><img decoding=\"async\" class=\"swiper-slide-image\" src=\"https:\/\/minubaar.bartenders.ee\/wp-content\/uploads\/2024\/12\/g1.png\" alt=\"g1\" \/><\/figure><\/div><div class=\"swiper-slide\" role=\"group\" aria-roledescription=\"slide\" aria-label=\"8 \u0438\u0437 9\"><figure class=\"swiper-slide-inner\"><img decoding=\"async\" class=\"swiper-slide-image\" src=\"https:\/\/minubaar.bartenders.ee\/wp-content\/uploads\/2024\/12\/g9.png\" alt=\"g9\" \/><\/figure><\/div><div class=\"swiper-slide\" role=\"group\" aria-roledescription=\"slide\" aria-label=\"9 \u0438\u0437 9\"><figure class=\"swiper-slide-inner\"><img decoding=\"async\" class=\"swiper-slide-image\" src=\"https:\/\/minubaar.bartenders.ee\/wp-content\/uploads\/2024\/12\/g7-1.png\" alt=\"g7 (1)\" \/><\/figure><\/div>\t\t\t<\/div>\n\t\t\t\t\t\t\t\n\t\t\t\t\t\t\t\t\t<div class=\"swiper-pagination\"><\/div>\n\t\t\t\t\t\t\t\t\t<\/div>\n\t\t\t\t\t\t<\/div>\n\t\t\t\t<\/div>\n\t\t<div class=\"elementor-element elementor-element-5da5250 e-con-full e-flex e-con e-child\" data-id=\"5da5250\" data-element_type=\"container\" data-e-type=\"container\">\n\t\t\t\t<div class=\"elementor-element elementor-element-71360fe elementor-widget elementor-widget-text-editor\" data-id=\"71360fe\" data-element_type=\"widget\" data-e-type=\"widget\" data-widget_type=\"text-editor.default\">\n\t\t\t\t<div class=\"elementor-widget-container\">\n\t\t\t\t\t\t\t\t\t<p>Kas olete planeerinud t\u00e4htsat s\u00fcndmust v\u00f5i pidustust? Siis on t\u00f5en\u00e4oliselt palju muresid ja muresid langenud teie \u00f5lgadele. Pakume, et h\u00f5lbustame seda rasket missiooni ja v\u00f5tame endale kohustuse valmistada pidulik pidu. Meie teenuste loetelu on \u00fcsna mitmekesine, nii et meie abi kasutades saate:<\/p><ul class=\"markered\"><li>Kompetentselt koostatud men\u00fc\u00fc peenematest roogadest, mis sobivad \u00f5htu teemaga ja k\u00f5igi k\u00fclaliste maitse-eelistustega.<\/li><li>Erinevate eelroogade (t\u00e4navatoit, s\u00f6\u00f6gikorrad, magustoidud, magustoidud) tarnimine buffetile ilma teeninduseta.<\/li><li>Bankettide korraldamine \"v\u00f5tmed k\u00e4tte\", mis h\u00f5lmab toitude, m\u00f6\u00f6bli, n\u00f5ude ja k\u00f5igi tarvikute tarnimist ning toitlustusettev\u00f5te pakub teile professionaalseid ettekandjaid.<\/li><li>Kohvipausid konverentsidel, ettev\u00f5tte pidustused. Me toome kohvipausidele varustuse, n\u00f5ud, mitu sorti eliitkohvi, samuti maitsvad ja kerged suupisted.<\/li><li>Kommibaar \u00f5rnade magustoitudega, naturaalsed limonaadid.<\/li><\/ul><p><br \/>Meie toitlustamise sait v\u00f5imaldab teil kiiresti ja lihtsalt teha tellimuse mis tahes suunitlusega ja tasemega s\u00fcndmuse teenindamiseks. Selleks peate saatma vaid elektroonilise taotluse koos oma koordinaatide ja soovitud \u00f5htu formaadiga.<\/p>\t\t\t\t\t\t\t\t<\/div>\n\t\t\t\t<\/div>\n\t\t\t\t<\/div>\n\t\t\t\t<\/div>\n\t\t\t\t<\/div>\n\t\t\t\t\t<\/div>\n\t\t\t\t<\/div>\n\t\t\t\t<\/div>","protected":false},"excerpt":{"rendered":"<p>\u041e \u043d\u0430\u0441 \u041f\u0440\u0435\u0438\u043c\u0443\u0449\u0435\u0441\u0442\u0432\u0430 \u041a\u043e\u043c\u0430\u043d\u0434\u0430 \u041e \u043a\u043e\u043c\u043f\u0430\u043d\u0438\u0438 \u0412 \u0421\u0420\u0415\u0414\u041d\u0415\u041c \u0417\u0410 \u0413\u041e\u0414 \u041c\u042b \u041f\u0420\u041e\u0412\u041e\u0414\u0418\u041c \u0411\u041e\u041b\u0415\u0415 600 \u041a\u0420\u0423\u041f\u041d\u042b\u0425 \u041c\u0415\u0420\u041e\u041f\u0420\u0418\u042f\u0422\u0418\u0419, \u041f\u0420\u0415\u0417\u0415\u041d\u0422\u0410\u0426\u0418\u0419, \u041f\u0420\u0410\u0417\u0414\u041d\u0418\u041a\u041e\u0412 \u0421 \u0423\u0427\u0410\u0421\u0422\u0418\u0415\u041c \u0412\u042b\u0415\u0417\u0414\u041d\u041e\u0413\u041e \u0411\u0410\u0420\u0410 \u041a\u0435\u0439\u0442\u0435\u0440\u0438\u043d\u0433\u043e\u0432\u0430\u044f \u043a\u043e\u043c\u043f\u0430\u043d\u0438\u044f Bar Event \u0441\u043e\u0437\u0434\u0430\u043d\u0430 \u043f\u0440\u043e\u0444\u0435\u0441\u0441\u0438\u043e\u043d\u0430\u043b\u0430\u043c\u0438 \u0431\u0430\u0440\u043d\u043e\u0439 \u0438\u043d\u0434\u0443\u0441\u0442\u0440\u0438\u0438. \u041d\u0430\u0441 \u043c\u043d\u043e\u0433\u043e\u0435 \u0441\u0432\u044f\u0437\u044b\u0432\u0430\u0435\u0442 \u0441\u00a0\u0411\u0430\u0440\u043c\u0435\u043d\u0441\u043a\u043e\u0439 \u0410\u0441\u0441\u043e\u0446\u0438\u0430\u0446\u0438\u0435\u0439 \u0420\u043e\u0441\u0441\u0438\u0438: \u043d\u0430\u00a0\u043f\u0440\u043e\u0442\u044f\u0436\u0435\u043d\u0438\u0438 \u043c\u043d\u043e\u0433\u0438\u0445 \u043b\u0435\u0442 \u043d\u0430\u0448 \u043a\u0440\u0435\u0430\u0442\u0438\u0432\u043d\u044b\u0439 \u0434\u0438\u0440\u0435\u043a\u0442\u043e\u0440, \u0410\u043b\u0435\u043a\u0441\u0435\u0439 \u042f\u043a\u0438\u043c\u044e\u043a \u0431\u044b\u043b \u0432\u0438\u0446\u0435-\u043f\u0440\u0435\u0437\u0438\u0434\u0435\u043d\u0442\u043e\u043c\u00a0\u0411.\u0410.\u0420. \u0415\u0449\u0435 \u0432\u00a02008 \u0433\u043e\u0434\u0443 \u0410\u043d\u0442\u043e\u043d \u0416\u0435\u043b\u043d\u043e\u0432 \u0438\u00a0\u0414\u043c\u0438\u0442\u0440\u0438\u0439 \u0421\u043c\u0438\u0440\u043d\u043e\u0432 \u0431\u044b\u043b\u0438 \u0441\u0440\u0435\u0434\u0438 [&hellip;]<\/p>\n","protected":false},"author":1,"featured_media":0,"parent":0,"menu_order":0,"comment_status":"closed","ping_status":"closed","template":"","meta":{"_acf_changed":false,"footnotes":""},"class_list":["post-570","page","type-page","status-publish","hentry"],"acf":[],"_links":{"self":[{"href":"https:\/\/minubaar.bartenders.ee\/et\/wp-json\/wp\/v2\/pages\/570","targetHints":{"allow":["GET"]}}],"collection":[{"href":"https:\/\/minubaar.bartenders.ee\/et\/wp-json\/wp\/v2\/pages"}],"about":[{"href":"https:\/\/minubaar.bartenders.ee\/et\/wp-json\/wp\/v2\/types\/page"}],"author":[{"embeddable":true,"href":"https:\/\/minubaar.bartenders.ee\/et\/wp-json\/wp\/v2\/users\/1"}],"replies":[{"embeddable":true,"href":"https:\/\/minubaar.bartenders.ee\/et\/wp-json\/wp\/v2\/comments?post=570"}],"version-history":[{"count":85,"href":"https:\/\/minubaar.bartenders.ee\/et\/wp-json\/wp\/v2\/pages\/570\/revisions"}],"predecessor-version":[{"id":2193,"href":"https:\/\/minubaar.bartenders.ee\/et\/wp-json\/wp\/v2\/pages\/570\/revisions\/2193"}],"wp:attachment":[{"href":"https:\/\/minubaar.bartenders.ee\/et\/wp-json\/wp\/v2\/media?parent=570"}],"curies":[{"name":"wp","href":"https:\/\/api.w.org\/{rel}","templated":true}]}}