{"id":1660,"date":"2025-01-30T08:54:37","date_gmt":"2025-01-30T08:54:37","guid":{"rendered":"https:\/\/minubaar.bartenders.ee\/?page_id=1660"},"modified":"2025-02-05T15:27:02","modified_gmt":"2025-02-05T15:27:02","slug":"piramida-iz-bokalov-shampanskogo","status":"publish","type":"page","link":"https:\/\/minubaar.bartenders.ee\/et\/piramida-iz-bokalov-shampanskogo\/","title":{"rendered":"P\u00fcramiid \u0161ampanjaklaasidest"},"content":{"rendered":"<div data-elementor-type=\"wp-page\" data-elementor-id=\"1660\" class=\"elementor elementor-1660\" data-elementor-post-type=\"page\">\n\t\t\t\t<div class=\"elementor-element elementor-element-020a44b e-flex e-con-boxed e-con e-parent\" data-id=\"020a44b\" data-element_type=\"container\" data-e-type=\"container\" data-settings=\"{&quot;background_background&quot;:&quot;classic&quot;}\">\n\t\t\t\t\t<div class=\"e-con-inner\">\n\t\t<div class=\"elementor-element elementor-element-c1294ce e-con-full e-flex e-con e-child\" data-id=\"c1294ce\" data-element_type=\"container\" data-e-type=\"container\">\n\t\t\t\t<\/div>\n\t\t<div class=\"elementor-element elementor-element-0abde37 e-con-full e-flex e-con e-child\" data-id=\"0abde37\" data-element_type=\"container\" data-e-type=\"container\">\n\t\t\t\t<div class=\"elementor-element elementor-element-1d55c21 elementor-widget elementor-widget-heading\" data-id=\"1d55c21\" data-element_type=\"widget\" data-e-type=\"widget\" data-widget_type=\"heading.default\">\n\t\t\t\t<div class=\"elementor-widget-container\">\n\t\t\t\t\t<h2 class=\"elementor-heading-title elementor-size-default\">P\u00fcramiid \u0161ampanjaklaasidest<\/h2>\t\t\t\t<\/div>\n\t\t\t\t<\/div>\n\t\t\t\t<div class=\"elementor-element elementor-element-02571a7 elementor-widget__width-initial elementor-widget-mobile__width-inherit elementor-widget elementor-widget-heading\" data-id=\"02571a7\" data-element_type=\"widget\" data-e-type=\"widget\" data-widget_type=\"heading.default\">\n\t\t\t\t<div class=\"elementor-widget-container\">\n\t\t\t\t\t<h2 class=\"elementor-heading-title elementor-size-default\">\u041f\u0438\u0440\u0430\u043c\u0438\u0434\u0430 \u0438\u0437 \u0431\u043e\u043a\u0430\u043b\u043e\u0432 \u0448\u0430\u043c\u043f\u0430\u043d\u0441\u043a\u043e\u0433\u043e - \u044d\u0442\u043e \u0430\u0442\u0442\u0440\u0430\u043a\u0446\u0438\u043e\u043d \u0434\u043b\u044f \u0433\u043e\u0441\u0442\u0435\u0439, \u043f\u043e\u0437\u0432\u043e\u043b\u044f\u044e\u0449\u0438\u0439 \u043f\u0440\u0435\u0432\u0440\u0430\u0442\u0438\u0442\u044c \u043f\u043e\u0434\u0430\u0447\u0443 \u0430\u043f\u0435\u0440\u0438\u0442\u0438\u0432\u0430 \u0432 \u044d\u0441\u0442\u0435\u0442\u0438\u0447\u0435\u0441\u043a\u0438 \u043f\u0440\u0435\u043a\u0440\u0430\u0441\u043d\u043e\u0435 \u0434\u0435\u0439\u0441\u0442\u0432\u043e \u0438 \u0432\u043f\u0435\u0447\u0430\u0442\u043b\u044f\u044e\u0449\u0435\u0435 \u0448\u043e\u0443.<\/h2>\t\t\t\t<\/div>\n\t\t\t\t<\/div>\n\t\t<div class=\"elementor-element elementor-element-e4ef110 e-con-full e-flex e-con e-child\" data-id=\"e4ef110\" data-element_type=\"container\" data-e-type=\"container\">\n\t\t\t\t<div class=\"elementor-element elementor-element-afd8846 elementor-widget__width-initial elementor-mobile-align-center elementor-widget-mobile__width-inherit elementor-widget elementor-widget-button\" data-id=\"afd8846\" data-element_type=\"widget\" data-e-type=\"widget\" data-widget_type=\"button.default\">\n\t\t\t\t<div class=\"elementor-widget-container\">\n\t\t\t\t\t\t\t\t\t<div class=\"elementor-button-wrapper\">\n\t\t\t\t\t<a class=\"elementor-button elementor-button-link elementor-size-sm\" href=\"\/et\/bar-menu\/\">\n\t\t\t\t\t\t<span class=\"elementor-button-content-wrapper\">\n\t\t\t\t\t\t\t\t\t<span class=\"elementor-button-text\">Arvuta kulud<\/span>\n\t\t\t\t\t<\/span>\n\t\t\t\t\t<\/a>\n\t\t\t\t<\/div>\n\t\t\t\t\t\t\t\t<\/div>\n\t\t\t\t<\/div>\n\t\t\t\t<div class=\"elementor-element elementor-element-6f756c9 elementor-widget-mobile__width-inherit elementor-widget elementor-widget-heading\" data-id=\"6f756c9\" data-element_type=\"widget\" data-e-type=\"widget\" data-widget_type=\"heading.default\">\n\t\t\t\t<div class=\"elementor-widget-container\">\n\t\t\t\t\t<h2 class=\"elementor-heading-title elementor-size-default\">Uuri v\u00e4lja, kui palju maksab baar\n3 lihtsat sammu<\/h2>\t\t\t\t<\/div>\n\t\t\t\t<\/div>\n\t\t\t\t<\/div>\n\t\t\t\t<\/div>\n\t\t\t\t\t<\/div>\n\t\t\t\t<\/div>\n\t\t<div class=\"elementor-element elementor-element-2d3255e e-flex e-con-boxed e-con e-parent\" data-id=\"2d3255e\" data-element_type=\"container\" data-e-type=\"container\" data-settings=\"{&quot;background_background&quot;:&quot;classic&quot;}\">\n\t\t\t\t\t<div class=\"e-con-inner\">\n\t\t<div class=\"elementor-element elementor-element-eedc497 e-con-full e-flex e-con e-child\" data-id=\"eedc497\" data-element_type=\"container\" data-e-type=\"container\" data-settings=\"{&quot;background_background&quot;:&quot;classic&quot;}\">\n\t\t<div class=\"elementor-element elementor-element-1770305 e-con-full e-flex e-con e-child\" data-id=\"1770305\" data-element_type=\"container\" data-e-type=\"container\">\n\t\t\t\t<div class=\"elementor-element elementor-element-42a2fe0 elementor-widget elementor-widget-heading\" data-id=\"42a2fe0\" data-element_type=\"widget\" data-e-type=\"widget\" data-widget_type=\"heading.default\">\n\t\t\t\t<div class=\"elementor-widget-container\">\n\t\t\t\t\t<h2 class=\"elementor-heading-title elementor-size-default\">\u041e\u043f\u0438\u0441\u0430\u043d\u0438\u0435 \u0443\u0441\u043b\u0443\u0433\u0438<\/h2>\t\t\t\t<\/div>\n\t\t\t\t<\/div>\n\t\t\t\t<\/div>\n\t\t<div class=\"elementor-element elementor-element-6be3e0a e-con-full e-flex e-con e-child\" data-id=\"6be3e0a\" data-element_type=\"container\" data-e-type=\"container\" data-settings=\"{&quot;background_background&quot;:&quot;classic&quot;}\">\n\t\t\t\t<div class=\"elementor-element elementor-element-e155219 elementor-widget__width-initial elementor-widget elementor-widget-heading\" data-id=\"e155219\" data-element_type=\"widget\" data-e-type=\"widget\" data-widget_type=\"heading.default\">\n\t\t\t\t<div class=\"elementor-widget-container\">\n\t\t\t\t\t<h2 class=\"elementor-heading-title elementor-size-default\">\u041e\u043d\u0430 \u0443\u0441\u0442\u0430\u043d\u0430\u0432\u043b\u0438\u0432\u0430\u0435\u0442\u0441\u044f \u043d\u0430 \u043e\u0442\u0434\u0435\u043b\u044c\u043d\u043e\u043c, \u0441\u043f\u0435\u0446\u0438\u0430\u043b\u044c\u043d\u043e\u043c \u0441\u0435\u0440\u0432\u0438\u0440\u043e\u0432\u043e\u0447\u043d\u043e\u043c \u0441\u0442\u043e\u043b\u0435.\n<\/br>\n<\/br>\n\u041a\u043e\u043b\u0438\u0447\u0435\u0441\u0442\u0432\u043e \u0431\u043e\u043a\u0430\u043b\u043e\u0432, \u0438\u0441\u043f\u043e\u043b\u044c\u0437\u0443\u0435\u043c\u044b\u0445 \u0434\u043b\u044f \u0441\u043e\u0437\u0434\u0430\u043d\u0438\u044f \u0433\u043e\u0440\u043a\u0438, \u043d\u0438\u0447\u0435\u043c \u043d\u0435 \u043e\u0433\u0440\u0430\u043d\u0438\u0447\u0438\u0432\u0430\u0435\u0442\u0441\u044f. \u042d\u0442\u043e \u043c\u043e\u0436\u0435\u0442 \u0431\u044b\u0442\u044c \u043d\u0435 \u043e\u0447\u0435\u043d\u044c \u0431\u043e\u043b\u044c\u0448\u0430\u044f \u043f\u0438\u0440\u0430\u043c\u0438\u0434\u0430 \u0434\u043b\u044f \u0443\u044e\u0442\u043d\u043e\u0439 \u0441\u0435\u043c\u0435\u0439\u043d\u043e\u0439 \u0441\u0432\u0430\u0434\u044c\u0431\u044b \u0438\u043b\u0438 \u043e\u0433\u0440\u043e\u043c\u043d\u044b\u0439 \u0444\u043e\u043d\u0442\u0430\u043d \u0438\u0437 \u0448\u0430\u043c\u043f\u0430\u043d\u0441\u043a\u043e\u0433\u043e \u043d\u0430 \u0441\u0432\u0430\u0434\u044c\u0431\u0443 \u0438\u043b\u0438 \u043a\u043e\u0440\u043f\u043e\u0440\u0430\u0442\u0438\u0432 \u0432 \u043d\u0435\u0441\u043a\u043e\u043b\u044c\u043a\u043e \u0441\u043e\u0442\u0435\u043d \u0433\u043e\u0441\u0442\u0435\u0439.<\/h2>\t\t\t\t<\/div>\n\t\t\t\t<\/div>\n\t\t\t\t<div class=\"elementor-element elementor-element-08d98f0 elementor-widget elementor-widget-image\" data-id=\"08d98f0\" data-element_type=\"widget\" data-e-type=\"widget\" data-widget_type=\"image.default\">\n\t\t\t\t<div class=\"elementor-widget-container\">\n\t\t\t\t\t\t\t\t\t\t\t\t\t\t\t<img fetchpriority=\"high\" decoding=\"async\" width=\"971\" height=\"648\" src=\"https:\/\/minubaar.bartenders.ee\/wp-content\/uploads\/2025\/01\/385h257_1.jpg\" class=\"attachment-full size-full wp-image-1666\" alt=\"\" srcset=\"https:\/\/minubaar.bartenders.ee\/wp-content\/uploads\/2025\/01\/385h257_1.jpg 971w, https:\/\/minubaar.bartenders.ee\/wp-content\/uploads\/2025\/01\/385h257_1-300x200.jpg 300w, https:\/\/minubaar.bartenders.ee\/wp-content\/uploads\/2025\/01\/385h257_1-500x334.jpg 500w, https:\/\/minubaar.bartenders.ee\/wp-content\/uploads\/2025\/01\/385h257_1-768x513.jpg 768w, https:\/\/minubaar.bartenders.ee\/wp-content\/uploads\/2025\/01\/385h257_1-600x400.jpg 600w\" sizes=\"(max-width: 971px) 100vw, 971px\" \/>\t\t\t\t\t\t\t\t\t\t\t\t\t\t\t<\/div>\n\t\t\t\t<\/div>\n\t\t\t\t<\/div>\n\t\t\t\t<\/div>\n\t\t<div class=\"elementor-element elementor-element-36f5371 e-con-full e-flex e-con e-child\" data-id=\"36f5371\" data-element_type=\"container\" data-e-type=\"container\">\n\t\t\t\t<div class=\"elementor-element elementor-element-866b931 elementor-widget elementor-widget-image\" data-id=\"866b931\" data-element_type=\"widget\" data-e-type=\"widget\" data-widget_type=\"image.default\">\n\t\t\t\t<div class=\"elementor-widget-container\">\n\t\t\t\t\t\t\t\t\t\t\t\t\t\t\t<img decoding=\"async\" width=\"800\" height=\"534\" src=\"https:\/\/minubaar.bartenders.ee\/wp-content\/uploads\/2025\/01\/neon_12.jpg\" class=\"attachment-large size-large wp-image-1620\" alt=\"\" srcset=\"https:\/\/minubaar.bartenders.ee\/wp-content\/uploads\/2025\/01\/neon_12.jpg 971w, https:\/\/minubaar.bartenders.ee\/wp-content\/uploads\/2025\/01\/neon_12-300x200.jpg 300w, https:\/\/minubaar.bartenders.ee\/wp-content\/uploads\/2025\/01\/neon_12-500x334.jpg 500w, https:\/\/minubaar.bartenders.ee\/wp-content\/uploads\/2025\/01\/neon_12-768x513.jpg 768w, https:\/\/minubaar.bartenders.ee\/wp-content\/uploads\/2025\/01\/neon_12-600x400.jpg 600w\" sizes=\"(max-width: 800px) 100vw, 800px\" \/>\t\t\t\t\t\t\t\t\t\t\t\t\t\t\t<\/div>\n\t\t\t\t<\/div>\n\t\t\t\t<div class=\"elementor-element elementor-element-f09b35c elementor-widget__width-initial elementor-widget elementor-widget-heading\" data-id=\"f09b35c\" data-element_type=\"widget\" data-e-type=\"widget\" data-widget_type=\"heading.default\">\n\t\t\t\t<div class=\"elementor-widget-container\">\n\t\t\t\t\t<h2 class=\"elementor-heading-title elementor-size-default\">- \u0411\u043e\u043a\u0430\u043b\u044b \u0434\u043b\u044f \u0448\u0430\u043c\u043f\u0430\u043d\u0441\u043a\u043e\u0433\u043e \u043c\u043e\u0436\u043d\u043e \u0443\u043a\u0440\u0430\u0441\u0438\u0442\u044c \u044f\u0433\u043e\u0434\u0430\u043c\u0438 \u0432\u0438\u0448\u043d\u0438 \u042f\u0440\u043a\u0438\u0439 \u043a\u0440\u0430\u0441\u043d\u044b\u0439 \u0446\u0432\u0435\u0442 \u044f\u0433\u043e\u0434 \u043e\u0442\u043b\u0438\u0447\u043d\u043e \u043a\u043e\u043d\u0442\u0440\u0430\u0441\u0442\u0438\u0440\u0443\u0435\u0442 \u0441 \u043f\u0440\u043e\u0437\u0440\u0430\u0447\u043d\u044b\u043c\u0438 \u0441\u0442\u0435\u043a\u043b\u044f\u043d\u043d\u044b\u043c\u0438 \u0431\u043e\u043a\u0430\u043b\u0430\u043c\u0438 \u0438 \u043f\u0440\u0438\u0434\u0430\u0435\u0442 \u043a\u043e\u043c\u043f\u043e\u0437\u0438\u0446\u0438\u0438 \u0441\u0432\u0435\u0436\u0435\u0441\u0442\u044c \u0438 \u044f\u0440\u043a\u043e\u0441\u0442\u044c.<\/br>\n<\/br>\n- \u041e\u0447\u0435\u043d\u044c \u0437\u0440\u0435\u043b\u0438\u0449\u043d\u043e \u0441\u043c\u043e\u0442\u0440\u0438\u0442\u0441\u044f \u043f\u0438\u0440\u0430\u043c\u0438\u0434\u0430-\u0448\u0430\u043c\u043f\u0430\u043d\u0441\u043a\u043e\u0435 \u0441 \u0441\u0443\u0445\u0438\u043c \u043b\u044c\u0434\u043e\u043c. \u0411\u043b\u0430\u0433\u043e\u0434\u0430\u0440\u044f \u0435\u043c\u0443 \u0433\u043e\u0440\u043a\u0430 \u043e\u043a\u0443\u0442\u044b\u0432\u0430\u0435\u0442\u0441\u044f \u0437\u0430\u0433\u0430\u0434\u043e\u0447\u043d\u044b\u043c \u0442\u0443\u043c\u0430\u043d\u043e\u043c, \u0434\u0435\u043b\u0430\u044e\u0449\u0438\u043c \u0430\u0442\u043c\u043e\u0441\u0444\u0435\u0440\u0443 \u0431\u043e\u043b\u0435\u0435 \u0442\u043e\u0440\u0436\u0435\u0441\u0442\u0432\u0435\u043d\u043d\u043e\u0439 \u0438 \u0440\u043e\u043c\u0430\u043d\u0442\u0438\u0447\u043d\u043e\u0439.\n<\/br>\n<\/br>\n\u041f\u0438\u0440\u0430\u043c\u0438\u0434\u0430 \u0438\u0437 \u0448\u0430\u043c\u043f\u0430\u043d\u0441\u043a\u043e\u0433\u043e \u2013 \u043a\u043e\u043d\u0441\u0442\u0440\u0443\u043a\u0446\u0438\u044f \u0434\u043e\u0441\u0442\u0430\u0442\u043e\u0447\u043d\u043e \u0441\u043b\u043e\u0436\u043d\u0430\u044f \u0438, \u0447\u0442\u043e \u043d\u0435\u043c\u0430\u043b\u043e\u0432\u0430\u0436\u043d\u043e, \u0434\u043e\u0432\u043e\u043b\u044c\u043d\u043e \u0445\u0440\u0443\u043f\u043a\u0430\u044f (\u0435\u0441\u0442\u044c \u0440\u0438\u0441\u043a \u043f\u0430\u0434\u0435\u043d\u0438\u044f, \u0432\u043e\u0437\u043c\u043e\u0436\u043d\u044b\u0435 \u0442\u0440\u0430\u0432\u043c\u044b \u0438 \u0434\u043e\u043f\u043e\u043b\u043d\u0438\u0442\u0435\u043b\u044c\u043d\u044b\u0435 \u0437\u0430\u0442\u0440\u0430\u0442\u044b \u043d\u0430 \u043f\u043e\u043a\u0443\u043f\u043a\u0443 \u0431\u043e\u043a\u0430\u043b\u043e\u0432.) \u041f\u043e\u044d\u0442\u043e\u043c\u0443 \u043b\u0443\u0447\u0448\u0435 \u0434\u043e\u0432\u0435\u0440\u0438\u0442\u044c \u0441\u043e\u0437\u0434\u0430\u043d\u0438\u0435 \u0448\u0435\u0434\u0435\u0432\u0440\u0430 \u043f\u0440\u043e\u0444\u0435\u0441\u0441\u0438\u043e\u043d\u0430\u043b\u044c\u043d\u043e\u043c\u0443 \u0431\u0430\u0440\u043c\u0435\u043d\u0443.\n<\/h2>\t\t\t\t<\/div>\n\t\t\t\t<\/div>\n\t\t\t\t<\/div>\n\t\t\t\t\t<\/div>\n\t\t\t\t<\/div>\n\t\t<div class=\"elementor-element elementor-element-04990bc e-flex e-con-boxed e-con e-parent\" data-id=\"04990bc\" data-element_type=\"container\" data-e-type=\"container\">\n\t\t\t\t\t<div class=\"e-con-inner\">\n\t\t<div class=\"elementor-element elementor-element-f3afdb3 e-con-full e-flex e-con e-child\" data-id=\"f3afdb3\" data-element_type=\"container\" data-e-type=\"container\">\n\t\t\t\t<div class=\"elementor-element elementor-element-e74a640 elementor-widget elementor-widget-heading\" data-id=\"e74a640\" data-element_type=\"widget\" data-e-type=\"widget\" data-widget_type=\"heading.default\">\n\t\t\t\t<div class=\"elementor-widget-container\">\n\t\t\t\t\t<h2 class=\"elementor-heading-title elementor-size-default\">Meil t\u00f6\u00f6tab \u00fcle 600<\/br>\ns\u00fcndmused aastas<\/h2>\t\t\t\t<\/div>\n\t\t\t\t<\/div>\n\t\t\t\t<div class=\"elementor-element elementor-element-5c95491 elementor-widget elementor-widget-heading\" data-id=\"5c95491\" data-element_type=\"widget\" data-e-type=\"widget\" data-widget_type=\"heading.default\">\n\t\t\t\t<div class=\"elementor-widget-container\">\n\t\t\t\t\t<h2 class=\"elementor-heading-title elementor-size-default\">Siin on m\u00f5ned neist<\/h2>\t\t\t\t<\/div>\n\t\t\t\t<\/div>\n\t\t\t\t<\/div>\n\t\t\t\t<div class=\"elementor-element elementor-element-8032a9b elementor-widget__width-initial elementor-widget-mobile__width-inherit elementor-widget elementor-widget-shortcode\" data-id=\"8032a9b\" data-element_type=\"widget\" data-e-type=\"widget\" data-widget_type=\"shortcode.default\">\n\t\t\t\t<div class=\"elementor-widget-container\">\n\t\t\t\t\t\t\t<div class=\"elementor-shortcode\"><\/div>\n\t\t\t\t\t\t<\/div>\n\t\t\t\t<\/div>\n\t\t\t\t\t<\/div>\n\t\t\t\t<\/div>\n\t\t\t\t<\/div>","protected":false},"excerpt":{"rendered":"<p>\u041f\u0438\u0440\u0430\u043c\u0438\u0434\u0430 \u0438\u0437 \u0431\u043e\u043a\u0430\u043b\u043e\u0432 \u0448\u0430\u043c\u043f\u0430\u043d\u0441\u043a\u043e\u0433\u043e \u041f\u0438\u0440\u0430\u043c\u0438\u0434\u0430 \u0438\u0437 \u0431\u043e\u043a\u0430\u043b\u043e\u0432 \u0448\u0430\u043c\u043f\u0430\u043d\u0441\u043a\u043e\u0433\u043e &#8212; \u044d\u0442\u043e \u0430\u0442\u0442\u0440\u0430\u043a\u0446\u0438\u043e\u043d \u0434\u043b\u044f \u0433\u043e\u0441\u0442\u0435\u0439, \u043f\u043e\u0437\u0432\u043e\u043b\u044f\u044e\u0449\u0438\u0439 \u043f\u0440\u0435\u0432\u0440\u0430\u0442\u0438\u0442\u044c \u043f\u043e\u0434\u0430\u0447\u0443 \u0430\u043f\u0435\u0440\u0438\u0442\u0438\u0432\u0430 \u0432 \u044d\u0441\u0442\u0435\u0442\u0438\u0447\u0435\u0441\u043a\u0438 \u043f\u0440\u0435\u043a\u0440\u0430\u0441\u043d\u043e\u0435 \u0434\u0435\u0439\u0441\u0442\u0432\u043e \u0438 \u0432\u043f\u0435\u0447\u0430\u0442\u043b\u044f\u044e\u0449\u0435\u0435 \u0448\u043e\u0443. \u0420\u0430\u0441\u0447\u0438\u0442\u0430\u0442\u044c \u0441\u0442\u043e\u0438\u043c\u043e\u0441\u0442\u044c \u0423\u0437\u043d\u0430\u0439\u0442\u0435 \u0441\u0442\u043e\u0438\u043c\u043e\u0441\u0442\u044c \u0431\u0430\u0440\u0430 \u0437\u0430 3 \u043f\u0440\u043e\u0441\u0442\u044b\u0445 \u0448\u0430\u0433\u0430 \u041e\u043f\u0438\u0441\u0430\u043d\u0438\u0435 \u0443\u0441\u043b\u0443\u0433\u0438 \u041e\u043d\u0430 \u0443\u0441\u0442\u0430\u043d\u0430\u0432\u043b\u0438\u0432\u0430\u0435\u0442\u0441\u044f \u043d\u0430 \u043e\u0442\u0434\u0435\u043b\u044c\u043d\u043e\u043c, \u0441\u043f\u0435\u0446\u0438\u0430\u043b\u044c\u043d\u043e\u043c \u0441\u0435\u0440\u0432\u0438\u0440\u043e\u0432\u043e\u0447\u043d\u043e\u043c \u0441\u0442\u043e\u043b\u0435. \u041a\u043e\u043b\u0438\u0447\u0435\u0441\u0442\u0432\u043e \u0431\u043e\u043a\u0430\u043b\u043e\u0432, \u0438\u0441\u043f\u043e\u043b\u044c\u0437\u0443\u0435\u043c\u044b\u0445 \u0434\u043b\u044f \u0441\u043e\u0437\u0434\u0430\u043d\u0438\u044f \u0433\u043e\u0440\u043a\u0438, \u043d\u0438\u0447\u0435\u043c \u043d\u0435 \u043e\u0433\u0440\u0430\u043d\u0438\u0447\u0438\u0432\u0430\u0435\u0442\u0441\u044f. \u042d\u0442\u043e \u043c\u043e\u0436\u0435\u0442 \u0431\u044b\u0442\u044c \u043d\u0435 [&hellip;]<\/p>\n","protected":false},"author":1,"featured_media":0,"parent":0,"menu_order":0,"comment_status":"closed","ping_status":"closed","template":"","meta":{"_acf_changed":false,"footnotes":""},"class_list":["post-1660","page","type-page","status-publish","hentry"],"acf":[],"_links":{"self":[{"href":"https:\/\/minubaar.bartenders.ee\/et\/wp-json\/wp\/v2\/pages\/1660","targetHints":{"allow":["GET"]}}],"collection":[{"href":"https:\/\/minubaar.bartenders.ee\/et\/wp-json\/wp\/v2\/pages"}],"about":[{"href":"https:\/\/minubaar.bartenders.ee\/et\/wp-json\/wp\/v2\/types\/page"}],"author":[{"embeddable":true,"href":"https:\/\/minubaar.bartenders.ee\/et\/wp-json\/wp\/v2\/users\/1"}],"replies":[{"embeddable":true,"href":"https:\/\/minubaar.bartenders.ee\/et\/wp-json\/wp\/v2\/comments?post=1660"}],"version-history":[{"count":19,"href":"https:\/\/minubaar.bartenders.ee\/et\/wp-json\/wp\/v2\/pages\/1660\/revisions"}],"predecessor-version":[{"id":2249,"href":"https:\/\/minubaar.bartenders.ee\/et\/wp-json\/wp\/v2\/pages\/1660\/revisions\/2249"}],"wp:attachment":[{"href":"https:\/\/minubaar.bartenders.ee\/et\/wp-json\/wp\/v2\/media?parent=1660"}],"curies":[{"name":"wp","href":"https:\/\/api.w.org\/{rel}","templated":true}]}}